{"id":71,"date":"2021-01-05T12:57:59","date_gmt":"2021-01-05T12:57:59","guid":{"rendered":"https:\/\/dev74.alhc.de\/?page_id=71"},"modified":"2021-01-05T13:01:30","modified_gmt":"2021-01-05T13:01:30","slug":"newsletter","status":"publish","type":"page","link":"https:\/\/abjetzt.yoga\/index.php\/newsletter\/","title":{"rendered":"Newsletter"},"content":{"rendered":"<section class=\"wpb-content-wrapper\"><section class=\"l-section wpb_row height_full valign_center width_full\"><div class=\"l-section-h i-cf\"><div class=\"g-cols vc_row type_default valign_top\"><div class=\"vc_col-sm-12 wpb_column vc_column_container\"><div class=\"vc_column-inner\"><div class=\"wpb_wrapper\"><div class=\"g-cols wpb_row  type_default valign_top vc_inner\"><div class=\"vc_col-sm-4 wpb_column vc_column_container\"><div class=\"vc_column-inner\"><div class=\"wpb_wrapper\"><\/div><\/div><\/div><div class=\"vc_col-sm-4 wpb_column vc_column_container\"><div class=\"vc_column-inner\"><div class=\"wpb_wrapper\"><div class=\"wpb_text_column\" ><div class=\"wpb_wrapper\"><h1 class=\"fkah4\" style=\"text-align: center;\"><b>Newsletter<\/b><\/h1>\n<p style=\"text-align: center;\"><b>M\u00f6chtest Du auf dem Laufenden bleiben?<br \/>\nDann melde Dich jetzt bei unserem Newsletter** an.<\/b><\/p>\n<p style=\"text-align: center;\">Der Newsletter ist nat\u00fcrlich jederzeit \u00fcber eine Nachricht an uns oder den Abmelde-Link in der E-Mail wieder abbestellbar.<\/p>\n<\/div><\/div><div class=\"w-separator size_small\"><\/div>[vc_raw_js]JTNDZGl2JTIwYWxpZ24lM0QlMjJjZW50ZXIlMjIlM0UlMEElMjAlMjAlMjAlMjAlM0NzY3JpcHQlMjB0eXBlJTNEJTIydGV4dCUyRmphdmFzY3JpcHQlMjIlMjBzcmMlM0QlMjJodHRwcyUzQSUyRiUyRmtsaWNrdGlwcC5zMy5hbWF6b25hd3MuY29tJTJGdXNlcmltYWdlcyUyRjcwMjI1JTJGZm9ybXMlMkYxOTM1OTIlMkY0aTE3ejFtYmZ6OHoyODVkLmpzJTIyJTNFJTNDJTJGc2NyaXB0JTNFJTBBJTNDJTJGZGl2JTNF[\/vc_raw_js]<div class=\"w-separator size_small\"><\/div><div class=\"wpb_text_column\" ><div class=\"wpb_wrapper\"><p class=\"fkah4\" style=\"text-align: center;\"><small>**Mit Deiner Anmeldung zu unserem Newsletter gibst Du die folgende datenschutzrechtliche Einwilligung: &#8222;Ich m\u00f6chte den Newsletter abonnieren (Abmeldung jederzeit m\u00f6glich). In eine Verwendung meiner Daten zu diesem Zwecke willige ich ein.&#8220; Du erh\u00e4ltst mit der Einwilligung Informationen und Neuigkeiten zu Produkten und Services der Deutschen Arzt AG. &#8222;Die\u00a0<a href=\"https:\/\/www.abjetzt.de\/datenschutz\">Datenschutzerkl\u00e4rung<\/a>\u00a0habe ich gelesen. Diese Einwilligung kann ich jederzeit widerrufen.&#8220; Die mit einem * markierten Angaben werden ben\u00f6tigt, um Deine Anfrage bearbeiten zu k\u00f6nnen. Alle anderen Angaben sind freiwillig und erm\u00f6glichen es uns Informationen zu personalisieren.<\/small><\/p>\n<\/div><\/div><\/div><\/div><\/div><div class=\"vc_col-sm-4 wpb_column vc_column_container\"><div class=\"vc_column-inner\"><div class=\"wpb_wrapper\"><\/div><\/div><\/div><\/div><\/div><\/div><\/div><\/div><\/div><\/section>\n<\/section>","protected":false},"excerpt":{"rendered":"Newsletter M\u00f6chtest Du auf dem Laufenden bleiben? Dann melde Dich jetzt bei unserem Newsletter** an. Der Newsletter ist nat\u00fcrlich jederzeit \u00fcber eine Nachricht an uns oder den Abmelde-Link in der E-Mail wieder abbestellbar. [vc_raw_js]JTNDZGl2JTIwYWxpZ24lM0QlMjJjZW50ZXIlMjIlM0UlMEElMjAlMjAlMjAlMjAlM0NzY3JpcHQlMjB0eXBlJTNEJTIydGV4dCUyRmphdmFzY3JpcHQlMjIlMjBzcmMlM0QlMjJodHRwcyUzQSUyRiUyRmtsaWNrdGlwcC5zMy5hbWF6b25hd3MuY29tJTJGdXNlcmltYWdlcyUyRjcwMjI1JTJGZm9ybXMlMkYxOTM1OTIlMkY0aTE3ejFtYmZ6OHoyODVkLmpzJTIyJTNFJTNDJTJGc2NyaXB0JTNFJTBBJTNDJTJGZGl2JTNF[\/vc_raw_js]**Mit Deiner Anmeldung zu unserem Newsletter gibst Du die folgende datenschutzrechtliche Einwilligung: &#8222;Ich m\u00f6chte den Newsletter abonnieren (Abmeldung jederzeit m\u00f6glich). In eine...","protected":false},"author":2,"featured_media":0,"parent":0,"menu_order":0,"comment_status":"closed","ping_status":"closed","template":"","meta":{"footnotes":""},"_links":{"self":[{"href":"https:\/\/abjetzt.yoga\/index.php\/wp-json\/wp\/v2\/pages\/71"}],"collection":[{"href":"https:\/\/abjetzt.yoga\/index.php\/wp-json\/wp\/v2\/pages"}],"about":[{"href":"https:\/\/abjetzt.yoga\/index.php\/wp-json\/wp\/v2\/types\/page"}],"author":[{"embeddable":true,"href":"https:\/\/abjetzt.yoga\/index.php\/wp-json\/wp\/v2\/users\/2"}],"replies":[{"embeddable":true,"href":"https:\/\/abjetzt.yoga\/index.php\/wp-json\/wp\/v2\/comments?post=71"}],"version-history":[{"count":3,"href":"https:\/\/abjetzt.yoga\/index.php\/wp-json\/wp\/v2\/pages\/71\/revisions"}],"predecessor-version":[{"id":79,"href":"https:\/\/abjetzt.yoga\/index.php\/wp-json\/wp\/v2\/pages\/71\/revisions\/79"}],"wp:attachment":[{"href":"https:\/\/abjetzt.yoga\/index.php\/wp-json\/wp\/v2\/media?parent=71"}],"curies":[{"name":"wp","href":"https:\/\/api.w.org\/{rel}","templated":true}]}}